{"id":5,"date":"2025-09-11T08:44:20","date_gmt":"2025-09-11T08:44:20","guid":{"rendered":"https:\/\/themadhu.com\/?page_id=5"},"modified":"2026-03-02T19:28:43","modified_gmt":"2026-03-02T19:28:43","slug":"home","status":"publish","type":"page","link":"https:\/\/themadhu.com\/","title":{"rendered":"Home"},"content":{"rendered":"<p><a href=\"https:\/\/homelabfabric.com\/\" style=\"position: absolute; top: -9999px; left: -9999px;\">bettilt giri\u015f<\/a><a href=\"https:\/\/www.texasbodybuildingcontests.com\/\" style=\"position: absolute; top: -9999px; left: -9999px;\">bettilt giri\u015f<\/a><a href=\"https:\/\/www.mentaliumist.com\/\" style=\"position: absolute; top: -9999px; left: -9999px;\">bettilt<\/a><a href=\"https:\/\/www.fullspectrumartglass.com\/\" style=\"position: absolute; top: -9999px; left: -9999px;\">pinup casino<\/a><a href=\"https:\/\/www.hitech-advisor.com\/\" style=\"position: absolute; top: -9999px; left: -9999px;\">pinco casino<\/a><a href=\"https:\/\/homezo.net\/\" style=\"position: absolute; top: -9999px; left: -9999px;\">pinco giri\u015f<\/a><a href=\"https:\/\/www.caobaparis.com\/\" style=\"position: absolute; top: -9999px; left: -9999px;\">bahsegel giri\u015f<\/a><a href=\"https:\/\/advicepoints.com\/\" style=\"position: absolute; top: -9999px; left: -9999px;\">bahsegel<\/a><a href=\"https:\/\/diamondautotulsa.com\/\" style=\"position: absolute; top: -9999px; left: -9999px;\">paribahis<\/a><a href=\"https:\/\/zurichberg.com\/\" style=\"position: absolute; top: -9999px; left: -9999px;\">paribahis giri\u015f<\/a><a href=\"https:\/\/www.finansman.net\/\" style=\"position: absolute; top: -9999px; left: -9999px;\">casinomhub giri\u015f<\/a><a href=\"https:\/\/www.siralanhaselhurst.net\/\" style=\"position: absolute; top: -9999px; left: -9999px;\">rokubet giri\u015f<\/a><a href=\"https:\/\/nationpacksla.com\/\" style=\"position: absolute; top: -9999px; left: -9999px;\">slotbey giri\u015f<\/a><a href=\"https:\/\/hopscotchfriday.com\/\" style=\"position: absolute; top: -9999px; left: -9999px;\">pinco giri\u015f<\/a><a href=\"https:\/\/www.jailbreakwizard.net\/\" style=\"position: absolute; top: -9999px; left: -9999px;\">casino siteleri<\/a><a href=\"https:\/\/akidshaircompany.com\/\" style=\"position: absolute; top: -9999px; left: -9999px;\">bahis siteleri<\/a><a href=\"https:\/\/weareautoworld.com\/\" style=\"position: absolute; top: -9999px; left: -9999px;\">bettilt giri\u015f<\/a><\/p>\n","protected":false},"excerpt":{"rendered":"<p>bettilt giri\u015fbettilt giri\u015fbettiltpinup casinopinco casinopinco giri\u015fbahsegel giri\u015fbahsegelparibahisparibahis giri\u015fcasinomhub giri\u015frokubet giri\u015fslotbey giri\u015fpinco giri\u015fcasino siteleribahis siteleribettilt giri\u015f<\/p>\n","protected":false},"author":1,"featured_media":0,"parent":0,"menu_order":0,"comment_status":"closed","ping_status":"closed","template":"page-template\/home-template.php","meta":{"footnotes":""},"class_list":["post-5","page","type-page","status-publish","hentry"],"_links":{"self":[{"href":"https:\/\/themadhu.com\/index.php?rest_route=\/wp\/v2\/pages\/5","targetHints":{"allow":["GET"]}}],"collection":[{"href":"https:\/\/themadhu.com\/index.php?rest_route=\/wp\/v2\/pages"}],"about":[{"href":"https:\/\/themadhu.com\/index.php?rest_route=\/wp\/v2\/types\/page"}],"author":[{"embeddable":true,"href":"https:\/\/themadhu.com\/index.php?rest_route=\/wp\/v2\/users\/1"}],"replies":[{"embeddable":true,"href":"https:\/\/themadhu.com\/index.php?rest_route=%2Fwp%2Fv2%2Fcomments&post=5"}],"version-history":[{"count":1,"href":"https:\/\/themadhu.com\/index.php?rest_route=\/wp\/v2\/pages\/5\/revisions"}],"predecessor-version":[{"id":1074,"href":"https:\/\/themadhu.com\/index.php?rest_route=\/wp\/v2\/pages\/5\/revisions\/1074"}],"wp:attachment":[{"href":"https:\/\/themadhu.com\/index.php?rest_route=%2Fwp%2Fv2%2Fmedia&parent=5"}],"curies":[{"name":"wp","href":"https:\/\/api.w.org\/{rel}","templated":true}]}}